{"id":205,"date":"2021-12-31T10:32:37","date_gmt":"2021-12-31T10:32:37","guid":{"rendered":"https:\/\/assatconsulting.fi\/?page_id=205"},"modified":"2022-01-11T12:18:05","modified_gmt":"2022-01-11T12:18:05","slug":"toimitilat","status":"publish","type":"page","link":"https:\/\/assatconsulting.fi\/index.php\/toimitilat\/","title":{"rendered":""},"content":{"rendered":"\n<div class=\"wp-block-themeisle-blocks-advanced-columns has-1-columns has-desktop-equal-layout has-tablet-equal-layout has-mobile-equal-layout has-default-gap has-vertical-unset\" id=\"wp-block-themeisle-blocks-advanced-columns-a1a8b53e\"><div class=\"wp-block-themeisle-blocks-advanced-columns-overlay\"><\/div><div class=\"innerblocks-wrap\">\n<div class=\"wp-block-themeisle-blocks-advanced-column\" id=\"wp-block-themeisle-blocks-advanced-column-9c8442af\">\n<p class=\"has-text-align-center\">Liikekeskus Linkki sijaitsee Keuruun keskustassa. <br>Linkist\u00e4 l\u00f6ytyy monenkokoista  Myym\u00e4l\u00e4, toimisto ja varastotilaa.<br>T\u00e4ll\u00e4 hetkell\u00e4 vapaita toimitiloja voit tiedustella<a href=\"https:\/\/assatconsulting.fi\/index.php\/yhteystiedot\/\" data-type=\"page\" data-id=\"16\"> t\u00e4st\u00e4.<\/a><\/p>\n\n\n\n<p class=\"has-text-align-center\">Linkiss\u00e4 on my\u00f6s <a href=\"https:\/\/assatconsulting.fi\/index.php\/toimistohotelli-linkki\/\" data-type=\"page\" data-id=\"209\">toimistohotelli<\/a>, josta ty\u00f6tilaa voi vuokrata my\u00f6s lyhytaikaisempaan tarpeeseen. My\u00f6s Keuruun Matkahuolto ja linja-autoasema l\u00f6ytyv\u00e4t Linkist\u00e4.<\/p>\n\n\n\n<p class=\"has-text-align-center\"><a href=\"https:\/\/assatconsulting.fi\/index.php\/yhteystiedot\/\" data-type=\"page\" data-id=\"16\">Ota yhteytt\u00e4<\/a>, niin etsit\u00e4\u00e4n yhdess\u00e4 juuri sinulle sopiva vaihtoehto.<\/p>\n\n\n\n<div style=\"height:100px\" aria-hidden=\"true\" class=\"wp-block-spacer\"><\/div>\n\n\n\n<p class=\"has-text-align-center has-medium-font-size\"><strong>Varastotilat Liikekeskus Linkiss\u00e4.<\/strong><\/p>\n\n\n\n<div class=\"wp-block-image\"><figure class=\"aligncenter size-large\"><img loading=\"lazy\" decoding=\"async\" width=\"769\" height=\"1024\" src=\"https:\/\/assatconsulting.fi\/wp-content\/uploads\/2022\/01\/varastot_linkki-769x1024.jpg\" alt=\"\" class=\"wp-image-234\" srcset=\"https:\/\/assatconsulting.fi\/wp-content\/uploads\/2022\/01\/varastot_linkki-769x1024.jpg 769w, https:\/\/assatconsulting.fi\/wp-content\/uploads\/2022\/01\/varastot_linkki-225x300.jpg 225w, https:\/\/assatconsulting.fi\/wp-content\/uploads\/2022\/01\/varastot_linkki-768x1023.jpg 768w, https:\/\/assatconsulting.fi\/wp-content\/uploads\/2022\/01\/varastot_linkki.jpg 1073w\" sizes=\"auto, (max-width: 769px) 100vw, 769px\" \/><\/figure><\/div>\n<\/div>\n<\/div><\/div>\n\n\n\n<p><\/p>\n","protected":false},"excerpt":{"rendered":"","protected":false},"author":1,"featured_media":0,"parent":0,"menu_order":0,"comment_status":"closed","ping_status":"closed","template":"","meta":{"neve_meta_sidebar":"","neve_meta_container":"","neve_meta_enable_content_width":"","neve_meta_content_width":0,"neve_meta_title_alignment":"","neve_meta_author_avatar":"","neve_post_elements_order":"","neve_meta_disable_header":"","neve_meta_disable_footer":"","neve_meta_disable_title":"","_themeisle_gutenberg_block_has_review":false,"_ti_tpc_template_sync":false,"_ti_tpc_template_id":"","footnotes":""},"class_list":["post-205","page","type-page","status-publish","hentry"],"_links":{"self":[{"href":"https:\/\/assatconsulting.fi\/index.php\/wp-json\/wp\/v2\/pages\/205","targetHints":{"allow":["GET"]}}],"collection":[{"href":"https:\/\/assatconsulting.fi\/index.php\/wp-json\/wp\/v2\/pages"}],"about":[{"href":"https:\/\/assatconsulting.fi\/index.php\/wp-json\/wp\/v2\/types\/page"}],"author":[{"embeddable":true,"href":"https:\/\/assatconsulting.fi\/index.php\/wp-json\/wp\/v2\/users\/1"}],"replies":[{"embeddable":true,"href":"https:\/\/assatconsulting.fi\/index.php\/wp-json\/wp\/v2\/comments?post=205"}],"version-history":[{"count":6,"href":"https:\/\/assatconsulting.fi\/index.php\/wp-json\/wp\/v2\/pages\/205\/revisions"}],"predecessor-version":[{"id":239,"href":"https:\/\/assatconsulting.fi\/index.php\/wp-json\/wp\/v2\/pages\/205\/revisions\/239"}],"wp:attachment":[{"href":"https:\/\/assatconsulting.fi\/index.php\/wp-json\/wp\/v2\/media?parent=205"}],"curies":[{"name":"wp","href":"https:\/\/api.w.org\/{rel}","templated":true}]}}